{"id":2727,"date":"2021-04-12T22:19:37","date_gmt":"2021-04-12T21:19:37","guid":{"rendered":"https:\/\/epg.co.at\/?page_id=2727"},"modified":"2021-07-06T20:51:12","modified_gmt":"2021-07-06T19:51:12","slug":"impressum","status":"publish","type":"page","link":"https:\/\/epg.co.at\/en\/impressum\/","title":{"rendered":"Legal note"},"content":{"rendered":"<div data-elementor-type=\"wp-page\" data-elementor-id=\"2727\" class=\"elementor elementor-2727\" data-elementor-post-type=\"page\">\n\t\t\t\t\t\t<section class=\"elementor-section elementor-top-section elementor-element elementor-element-5d123e79 elementor-section-stretched elementor-section-full_width elementor-section-height-default elementor-section-height-default\" data-id=\"5d123e79\" data-element_type=\"section\" data-e-type=\"section\" data-settings=\"{&quot;stretch_section&quot;:&quot;section-stretched&quot;,&quot;background_background&quot;:&quot;classic&quot;}\">\n\t\t\t\t\t\t\t<div class=\"elementor-background-overlay\"><\/div>\n\t\t\t\t\t\t\t<div class=\"elementor-container elementor-column-gap-no\">\n\t\t\t\t\t<div class=\"elementor-column elementor-col-100 elementor-top-column elementor-element elementor-element-435ea3e\" data-id=\"435ea3e\" data-element_type=\"column\" data-e-type=\"column\">\n\t\t\t<div class=\"elementor-widget-wrap elementor-element-populated\">\n\t\t\t\t\t\t<div class=\"elementor-element elementor-element-f3831a8 anchor-link elementor--h-position-center elementor--v-position-middle elementor-arrows-position-inside elementor-widget elementor-widget-slides\" data-id=\"f3831a8\" data-element_type=\"widget\" data-e-type=\"widget\" data-settings=\"{&quot;navigation&quot;:&quot;arrows&quot;,&quot;transition_speed&quot;:1200,&quot;autoplay&quot;:&quot;yes&quot;,&quot;pause_on_hover&quot;:&quot;yes&quot;,&quot;pause_on_interaction&quot;:&quot;yes&quot;,&quot;autoplay_speed&quot;:5000,&quot;infinite&quot;:&quot;yes&quot;,&quot;transition&quot;:&quot;slide&quot;}\" data-widget_type=\"slides.default\">\n\t\t\t\t<div class=\"elementor-widget-container\">\n\t\t\t\t\t\t\t\t\t<div class=\"elementor-swiper\">\n\t\t\t\t\t<div class=\"elementor-slides-wrapper elementor-main-swiper swiper\" role=\"region\" aria-roledescription=\"carousel\" aria-label=\"Slides\" dir=\"ltr\" data-animation=\"fadeInUp\">\n\t\t\t\t<div class=\"swiper-wrapper elementor-slides\">\n\t\t\t\t\t\t\t\t\t\t<div class=\"elementor-repeater-item-f2d3f4d swiper-slide\" role=\"group\" aria-roledescription=\"slide\"><div class=\"swiper-slide-bg\" role=\"img\" aria-label=\"epg\"><\/div><div class=\"elementor-background-overlay\"><\/div><div class=\"swiper-slide-inner\" ><div class=\"swiper-slide-contents\"><div class=\"elementor-slide-heading\">EPG Electrical Engineering <\/div><div class=\"elementor-slide-description\">Your reliable partner for electrical engineering and construction\n<\/div><a href=\"#\" class=\"elementor-button elementor-slide-button elementor-size-md\">Learn more<\/a><\/div><\/div><\/div><div class=\"elementor-repeater-item-6334db4 swiper-slide\" role=\"group\" aria-roledescription=\"slide\"><div class=\"swiper-slide-bg\" role=\"img\" aria-label=\"EPGKomax-19\"><\/div><div class=\"elementor-background-overlay\"><\/div><div class=\"swiper-slide-inner\" ><div class=\"swiper-slide-contents\"><div class=\"elementor-slide-heading\">Control cabinet construction 4.0<\/div><div class=\"elementor-slide-description\">One decisive step ahead<\/div><a href=\"#\" class=\"elementor-button elementor-slide-button elementor-size-md\">Learn more<\/a><\/div><\/div><\/div>\t\t\t\t<\/div>\n\t\t\t\t\t\t\t\t\t\t\t\t\t\t\t<div class=\"elementor-swiper-button elementor-swiper-button-prev\" role=\"button\" tabindex=\"0\" aria-label=\"Previous slide\">\n\t\t\t\t\t\t\t<i aria-hidden=\"true\" class=\"eicon-chevron-left\"><\/i>\t\t\t\t\t\t<\/div>\n\t\t\t\t\t\t<div class=\"elementor-swiper-button elementor-swiper-button-next\" role=\"button\" tabindex=\"0\" aria-label=\"Next slide\">\n\t\t\t\t\t\t\t<i aria-hidden=\"true\" class=\"eicon-chevron-right\"><\/i>\t\t\t\t\t\t<\/div>\n\t\t\t\t\t\t\t\t\t\t\t\t\t\t\t\t\t<\/div>\n\t\t\t\t<\/div>\n\t\t\t\t\t\t\t\t<\/div>\n\t\t\t\t<\/div>\n\t\t\t\t\t<\/div>\n\t\t<\/div>\n\t\t\t\t\t<\/div>\n\t\t<\/section>\n\t\t\t\t<section class=\"elementor-section elementor-top-section elementor-element elementor-element-59e58271 elementor-section-stretched elementor-section-boxed elementor-section-height-default elementor-section-height-default\" data-id=\"59e58271\" data-element_type=\"section\" data-e-type=\"section\" id=\"about\" data-settings=\"{&quot;stretch_section&quot;:&quot;section-stretched&quot;,&quot;background_background&quot;:&quot;classic&quot;}\">\n\t\t\t\t\t\t<div class=\"elementor-container elementor-column-gap-wider\">\n\t\t\t\t\t<div class=\"elementor-column elementor-col-100 elementor-top-column elementor-element elementor-element-208621d1\" data-id=\"208621d1\" data-element_type=\"column\" data-e-type=\"column\">\n\t\t\t<div class=\"elementor-widget-wrap elementor-element-populated\">\n\t\t\t\t\t\t<div class=\"elementor-element elementor-element-36d98e43 elementor-widget elementor-widget-heading\" data-id=\"36d98e43\" data-element_type=\"widget\" data-e-type=\"widget\" data-widget_type=\"heading.default\">\n\t\t\t\t<div class=\"elementor-widget-container\">\n\t\t\t\t\t<h2 class=\"elementor-heading-title elementor-size-default\">Legal note<\/h2>\t\t\t\t<\/div>\n\t\t\t\t<\/div>\n\t\t\t\t<div class=\"elementor-element elementor-element-406dbf82 elementor-widget elementor-widget-text-editor\" data-id=\"406dbf82\" data-element_type=\"widget\" data-e-type=\"widget\" data-widget_type=\"text-editor.default\">\n\t\t\t\t<div class=\"elementor-widget-container\">\n\t\t\t\t\t\t\t\t\t<p class=\"adsimple-121716575\">Informationspflicht laut \u00a75 E-Commerce Gesetz, \u00a714 Unternehmensgesetzbuch, \u00a763 Gewerbeordnung und Offenlegungspflicht laut \u00a725 Mediengesetz.<\/p><p><strong>EPG Electrical Engineering<\/strong><br \/>A-4221 Steyregg, Gewerbeallee 10, Austria<\/p><p>Tel.: +43 (0) 732 641410 &#8211; 0<br \/>Fax.: +43 (0) 732 641410 &#8211; 100<\/p><p>E-Mail:\u00a0<span id=\"cloak02ab64202b0976b303e57cf71dfd5f77\"><a href=\"mailto:office@epg.co.at\">office@epg.co.at<\/a><\/span><br \/>URL: www.epg.co.at<\/p><p>Bankverbindung: BLZ 20320, Allgemeine Sparkasse Ober\u00f6sterreich Bank AG<br \/>Kto.-Nr.: 32100 101 701, IBAN: AT832032032100101701, BIC: ASPKAT2L<\/p><p>UID-Nr.: ATU 64562244<br \/>Steuer Nr.:191\/6247<br \/>Firmenbuch Nr.: 319626P Handelsgericht Linz<\/p><p>Offenlegung nach \u00a7 25 Mediengesetz \/ Copyright \/ Haftung<\/p><p>Medieninhaber und Herausgeber:<\/p><p>EPG Electrical Engineering<br \/>A-4221 Steyregg, Gewerbeallee 10, Austria<\/p><p>Tel.: +43 (0) 732 641410 &#8211; 0<br \/>Fax.: +43 (0) 732 641410 &#8211; 100<\/p><p>E-Mail:\u00a0<span id=\"cloakfc2002da453ee9f738b23240e2730575\"><a href=\"mailto:office@epg.co.at\">office@epg.co.at<\/a><\/span><br \/>www.epg.co.at<\/p><p>Quelle: Erstellt mit dem <a title=\"Impressum Generator von AdSimple\" href=\"https:\/\/www.adsimple.at\/impressum-generator\/\">Impressum Generator<\/a> von AdSimple<\/p><h2 id=\"eu-streitschlichtung\" class=\"adsimple-121716575 fusion-responsive-typography-calculated\" data-fontsize=\"24\" data-lineheight=\"36px\">EU-Streitschlichtung<\/h2><p>Gem\u00e4\u00df Verordnung \u00fcber Online-Streitbeilegung in Verbraucherangelegenheiten (ODR-Verordnung) m\u00f6chten wir Sie \u00fcber die Online-Streitbeilegungsplattform (OS-Plattform) informieren.<br \/>Verbraucher haben die M\u00f6glichkeit, Beschwerden an die Online Streitbeilegungsplattform der Europ\u00e4ischen Kommission unter <a class=\"adsimple-121716575\" href=\"https:\/\/ec.europa.eu\/consumers\/odr\/main\/index.cfm?event=main.home2.show&amp;lng=DE\" target=\"_blank\" rel=\"noopener\">http:\/\/ec.europa.eu\/odr?tid=121716575<\/a> zu richten. Die daf\u00fcr notwendigen Kontaktdaten finden Sie oberhalb in unserem Impressum.<\/p><p>Wir m\u00f6chten Sie jedoch darauf hinweisen, dass wir nicht bereit oder verpflichtet sind, an Streitbeilegungsverfahren vor einer Verbraucherschlichtungsstelle teilzunehmen.<\/p><h2 id=\"haftung-fuer-inhalte-dieser-webseite\" class=\"adsimple-121716575 fusion-responsive-typography-calculated\" data-fontsize=\"24\" data-lineheight=\"36px\">Haftung f\u00fcr Inhalte dieser Website<\/h2><p>Wir entwickeln die Inhalte dieser Webseite st\u00e4ndig weiter und bem\u00fchen uns korrekte und aktuelle Informationen bereitzustellen. \u00a0Leider k\u00f6nnen wir keine Haftung f\u00fcr die Korrektheit aller Inhalte auf dieser Website \u00fcbernehmen, speziell f\u00fcr jene, die seitens Dritter bereitgestellt wurden. Als Diensteanbieter sind wir nicht verpflichtet, die von ihnen \u00fcbermittelten oder gespeicherten Informationen zu \u00fcberwachen oder nach Umst\u00e4nden zu forschen, die auf eine rechtswidrige T\u00e4tigkeit hinweisen.<\/p><p>Unsere Verpflichtungen zur Entfernung von Informationen oder zur Sperrung der Nutzung von Informationen nach den allgemeinen Gesetzen aufgrund von gerichtlichen oder beh\u00f6rdlichen Anordnungen bleiben auch im Falle unserer Nichtverantwortlichkeit davon unber\u00fchrt.<\/p><p>Sollten Ihnen problematische oder rechtswidrige Inhalte auffallen, bitte wir Sie uns umgehend zu kontaktieren, damit wir die rechtswidrigen Inhalte entfernen k\u00f6nnen. Sie finden die Kontaktdaten im Impressum.<\/p><h2 id=\"haftung-links-webseite\" class=\"adsimple-121716575 fusion-responsive-typography-calculated\" data-fontsize=\"24\" data-lineheight=\"36px\">Haftung f\u00fcr Links auf dieser Webseite<\/h2><p>Unsere Webseite enth\u00e4lt Links zu anderen Webseiten f\u00fcr deren Inhalt wir nicht verantwortlich sind. Haftung f\u00fcr verlinkte Websites besteht f\u00fcr uns nicht, da wir keine Kenntnis rechtswidriger T\u00e4tigkeiten hatten und haben, uns solche Rechtswidrigkeiten auch bisher nicht aufgefallen sind und wir Links sofort entfernen w\u00fcrden, wenn uns Rechtswidrigkeiten bekannt werden.<\/p><p>Wenn Ihnen rechtswidrige Links auf unserer Website auffallen, bitte wir Sie uns zu kontaktieren. Sie finden die Kontaktdaten im Impressum.<\/p><h2 id=\"urheberrechtshinweis\" class=\"adsimple-121716575 fusion-responsive-typography-calculated\" data-fontsize=\"24\" data-lineheight=\"36px\">Urheberrechtshinweis<\/h2><p>Alle Inhalte dieser Webseite (Bilder, Fotos, Texte, Videos) unterliegen dem Urheberrecht. Bitte fragen Sie uns bevor Sie die Inhalte dieser Website verbreiten, vervielf\u00e4ltigen oder verwerten wie zum Beispiel auf anderen Websites erneut ver\u00f6ffentlichen. Falls notwendig, werden wir die unerlaubte Nutzung von Teilen der Inhalte unserer Seite rechtlich verfolgen.<\/p><p>Sollten Sie auf dieser Webseite Inhalte finden, die das Urheberrecht verletzen, bitten wir Sie uns zu kontaktieren.<\/p><h2 id=\"bildernachweis\" class=\"adsimple-121716575 fusion-responsive-typography-calculated\" data-fontsize=\"24\" data-lineheight=\"36px\">Bildernachweis<\/h2><p>Die Bilder, Fotos und Grafiken auf dieser Webseite sind urheberrechtlich gesch\u00fctzt.<\/p><p>Die Bilderrechte liegen bei den folgenden Fotografen und Unternehmen:<\/p><ul class=\"adsimple-121716575\"><li class=\"adsimple-121716575\"><a href=\"https:\/\/pixabay.com\/\">Pixabay<\/a><\/li><li>EPG<\/li><\/ul><p>Alle Texte sind urheberrechtlich gesch\u00fctzt.<\/p><p>Quelle: Erstellt mit dem <a title=\"Datenschutz Generator von AdSimple\" href=\"https:\/\/www.adsimple.at\/datenschutz-generator\/\">Datenschutz Generator<\/a> von AdSimple<\/p>\t\t\t\t\t\t\t\t<\/div>\n\t\t\t\t<\/div>\n\t\t\t\t\t<\/div>\n\t\t<\/div>\n\t\t\t\t\t<\/div>\n\t\t<\/section>\n\t\t\t\t<\/div>","protected":false},"excerpt":{"rendered":"<p>EPG Elektrotechnik GmbH Ihr zuverl\u00e4ssiger Partner im elektrotechnischen Anlagenbau Mehr erfahrenSchaltschrankbau 4.0Den entscheidenden Schritt vorausMehr erfahren Previous Next Impressum Informationspflicht laut \u00a75 E-Commerce Gesetz, \u00a714 Unternehmensgesetzbuch, \u00a763 Gewerbeordnung und Offenlegungspflicht laut \u00a725 Mediengesetz. EPG Elektrotechnik GmbHA-4221 Steyregg, Gewerbeallee 10, Austria Tel.: +43 (0) 732 641410 &#8211; 0Fax.: +43 (0) 732 641410 &#8211; 100 E-Mail:\u00a0office@epg.co.atURL: www.epg.co.at&hellip;<\/p>","protected":false},"author":1,"featured_media":0,"parent":0,"menu_order":0,"comment_status":"closed","ping_status":"closed","template":"template-microsite.php","meta":{"inline_featured_image":false,"footnotes":""},"class_list":["post-2727","page","type-page","status-publish","hentry"],"_links":{"self":[{"href":"https:\/\/epg.co.at\/en\/wp-json\/wp\/v2\/pages\/2727","targetHints":{"allow":["GET"]}}],"collection":[{"href":"https:\/\/epg.co.at\/en\/wp-json\/wp\/v2\/pages"}],"about":[{"href":"https:\/\/epg.co.at\/en\/wp-json\/wp\/v2\/types\/page"}],"author":[{"embeddable":true,"href":"https:\/\/epg.co.at\/en\/wp-json\/wp\/v2\/users\/1"}],"replies":[{"embeddable":true,"href":"https:\/\/epg.co.at\/en\/wp-json\/wp\/v2\/comments?post=2727"}],"version-history":[{"count":0,"href":"https:\/\/epg.co.at\/en\/wp-json\/wp\/v2\/pages\/2727\/revisions"}],"wp:attachment":[{"href":"https:\/\/epg.co.at\/en\/wp-json\/wp\/v2\/media?parent=2727"}],"curies":[{"name":"wp","href":"https:\/\/api.w.org\/{rel}","templated":true}]}}